{"id":2536,"date":"2025-09-22T09:29:22","date_gmt":"2025-09-22T09:29:22","guid":{"rendered":"https:\/\/housedecor.md\/?post_type=product&#038;p=2536"},"modified":"2026-03-10T18:31:02","modified_gmt":"2026-03-10T18:31:02","slug":"grunt-universal-hd-13","status":"publish","type":"product","link":"https:\/\/housedecor.md\/ru\/shop\/grunt-universal-hd-13\/","title":{"rendered":"Grund universal HD 13"},"content":{"rendered":"<p>Grund gata de utilizare pentru amorsarea suprafe\u0163elor minerale absorbante \u0219i \u00eent\u0103rirea suporturilor. Con\u0163ine hidroemulsie acrilic\u0103 cu aditivi.<\/p>","protected":false},"excerpt":{"rendered":"<p><b>Unitatea de <\/b><b>m\u0103sur\u0103: <\/b>1KG ; 3 KG; 5KG; 10KG; 20KG<\/p>\n<ul>\n<li>Pre\u021bul difer\u0103 la export. Contacta\u021bi managerul pentru detalii.&nbsp;<\/li>\n<\/ul>","protected":false},"featured_media":2542,"template":"","meta":{"ngg_post_thumbnail":0},"product_brand":[],"product_cat":[147],"product_tag":[],"class_list":{"0":"post-2536","1":"product","2":"type-product","3":"status-publish","4":"has-post-thumbnail","6":"product_cat-grunturi","8":"first","9":"onbackorder","10":"shipping-taxable","11":"purchasable","12":"product-type-variable"},"_links":{"self":[{"href":"https:\/\/housedecor.md\/ru\/wp-json\/wp\/v2\/product\/2536","targetHints":{"allow":["GET"]}}],"collection":[{"href":"https:\/\/housedecor.md\/ru\/wp-json\/wp\/v2\/product"}],"about":[{"href":"https:\/\/housedecor.md\/ru\/wp-json\/wp\/v2\/types\/product"}],"wp:featuredmedia":[{"embeddable":true,"href":"https:\/\/housedecor.md\/ru\/wp-json\/wp\/v2\/media\/2542"}],"wp:attachment":[{"href":"https:\/\/housedecor.md\/ru\/wp-json\/wp\/v2\/media?parent=2536"}],"wp:term":[{"taxonomy":"product_brand","embeddable":true,"href":"https:\/\/housedecor.md\/ru\/wp-json\/wp\/v2\/product_brand?post=2536"},{"taxonomy":"product_cat","embeddable":true,"href":"https:\/\/housedecor.md\/ru\/wp-json\/wp\/v2\/product_cat?post=2536"},{"taxonomy":"product_tag","embeddable":true,"href":"https:\/\/housedecor.md\/ru\/wp-json\/wp\/v2\/product_tag?post=2536"}],"curies":[{"name":"wp","href":"https:\/\/api.w.org\/{rel}","templated":true}]}}