{"id":2543,"date":"2025-09-22T09:40:27","date_gmt":"2025-09-22T09:40:27","guid":{"rendered":"https:\/\/housedecor.md\/?post_type=product&#038;p=2543"},"modified":"2026-03-10T19:25:43","modified_gmt":"2026-03-10T19:25:43","slug":"grund-marmur-gleta-hd-17-premier-siliconic","status":"publish","type":"product","link":"https:\/\/housedecor.md\/en\/shop\/grund-marmur-gleta-hd-17-premier-siliconic\/","title":{"rendered":"Grund marmur (gleta) HD 17 Premier Siliconic"},"content":{"rendered":"<p>Are propriet\u0103\u021bi de aderen\u021b\u0103, penetrare \u00een suprafe\u021be, rezisten\u021b\u0103 la umeditate etc. Este destinat ca strat de baz\u0103 pentru a preg\u0103ti \u0219i a uniformiza suprafe\u021bele \u00eenainte de aplicarea altor materiale, precum tencuieli sau vopseli decorative. Con\u021bine f\u0103in\u0103 de marmur\u0103 \u0219i aditivi, emulsie silo-acrilic\u0103.<\/p>","protected":false},"excerpt":{"rendered":"<p><b>Unitatea de <\/b><b>m\u0103sur\u0103: <\/b>5KG; 25KG<\/p>\n<ul>\n<li>Pre\u021bul difer\u0103 la export. Contacta\u021bi managerul pentru detalii.&nbsp;<\/li>\n<\/ul>","protected":false},"featured_media":2546,"template":"","meta":{"ngg_post_thumbnail":0},"product_brand":[],"product_cat":[147],"product_tag":[],"class_list":{"0":"post-2543","1":"product","2":"type-product","3":"status-publish","4":"has-post-thumbnail","6":"product_cat-grunturi","8":"first","9":"instock","10":"shipping-taxable","11":"purchasable","12":"product-type-variable"},"_links":{"self":[{"href":"https:\/\/housedecor.md\/en\/wp-json\/wp\/v2\/product\/2543","targetHints":{"allow":["GET"]}}],"collection":[{"href":"https:\/\/housedecor.md\/en\/wp-json\/wp\/v2\/product"}],"about":[{"href":"https:\/\/housedecor.md\/en\/wp-json\/wp\/v2\/types\/product"}],"wp:featuredmedia":[{"embeddable":true,"href":"https:\/\/housedecor.md\/en\/wp-json\/wp\/v2\/media\/2546"}],"wp:attachment":[{"href":"https:\/\/housedecor.md\/en\/wp-json\/wp\/v2\/media?parent=2543"}],"wp:term":[{"taxonomy":"product_brand","embeddable":true,"href":"https:\/\/housedecor.md\/en\/wp-json\/wp\/v2\/product_brand?post=2543"},{"taxonomy":"product_cat","embeddable":true,"href":"https:\/\/housedecor.md\/en\/wp-json\/wp\/v2\/product_cat?post=2543"},{"taxonomy":"product_tag","embeddable":true,"href":"https:\/\/housedecor.md\/en\/wp-json\/wp\/v2\/product_tag?post=2543"}],"curies":[{"name":"wp","href":"https:\/\/api.w.org\/{rel}","templated":true}]}}